{"id":476,"date":"2017-06-13T04:11:50","date_gmt":"2017-06-13T04:11:50","guid":{"rendered":"https:\/\/demo.themegrill.com\/suffice\/?page_id=5"},"modified":"2022-05-11T13:50:57","modified_gmt":"2022-05-11T11:50:57","slug":"home","status":"publish","type":"page","link":"https:\/\/kleberamirez.com\/blog\/","title":{"rendered":"Home"},"content":{"rendered":"<div id=\"pl-476\"  class=\"panel-layout\" ><div id=\"pg-476-0\"  class=\"panel-grid panel-has-style\" ><div class=\"siteorigin-panels-stretch panel-row-style panel-row-style-for-476-0\" data-stretch-type=\"full-stretched\" ><div id=\"pgc-476-0-0\"  class=\"panel-grid-cell\" ><div id=\"panel-476-0-0-0\" class=\"so-panel widget widget_themegrill_suffice_slider tg-section tg-slider-widget panel-first-child panel-last-child\" data-index=\"0\" >\n\t<div class=\"slider slider-hide-controls slider-controls-flat slider-height--default\">\n\t\t<div class=\"swiper-container\" data-swiper-autoplay=\"true\">\n\t\t\t<div class=\"swiper-wrapper\">\n\t\t\t\t\t\t\t\t\t\t<div class=\"swiper-slide\">\n\t\t\t\t\t\t\t<div class=\"slider-content slider-content-default slider-content--left\">\n\t\t\t\t\t\t\t\t<div class=\"container\">\n\t\t\t\t\t\t\t\t\t<div class=\"slider-content-inner\">\n\t\t\t\t\t\t\t\t\t\t\n\t\t\t\t\t\t\t\t\t\t\n\t\t\t\t\t\t\t\t\t\t\t\t\t\t\t\t\t\t\t<\/div> <!-- slider-content-inner -->\n\t\t\t\t\t\t\t\t<\/div> <!-- .container -->\n\t\t\t\t\t\t\t<\/div> <!-- .slider-content -->\n\t\t\t\t\t\t\t<figure class=\"slider-thumbnail\">\n\t\t\t\t\t\t\t\t<img src=\"https:\/\/kleberamirez.com\/blog\/wp-content\/uploads\/2019\/11\/Portada-Blog-001.jpg\" alt=\"\" \/>\n\t\t\t\t\t\t\t<\/figure>\n\t\t\t\t\t\t<\/div> <!-- swiper-slide -->\n\t\t\t\t\t\t\t\t\t\t\t\t<div class=\"swiper-slide\">\n\t\t\t\t\t\t\t<div class=\"slider-content slider-content-default slider-content--left\">\n\t\t\t\t\t\t\t\t<div class=\"container\">\n\t\t\t\t\t\t\t\t\t<div class=\"slider-content-inner\">\n\t\t\t\t\t\t\t\t\t\t\n\t\t\t\t\t\t\t\t\t\t\n\t\t\t\t\t\t\t\t\t\t\t\t\t\t\t\t\t\t\t<\/div> <!-- slider-content-inner -->\n\t\t\t\t\t\t\t\t<\/div> <!-- .container -->\n\t\t\t\t\t\t\t<\/div> <!-- .slider-content -->\n\t\t\t\t\t\t\t<figure class=\"slider-thumbnail\">\n\t\t\t\t\t\t\t\t<img src=\"https:\/\/kleberamirez.com\/blog\/wp-content\/uploads\/2017\/06\/FOTO_3_WEB.jpg\" alt=\"\" \/>\n\t\t\t\t\t\t\t<\/figure>\n\t\t\t\t\t\t<\/div> <!-- swiper-slide -->\n\t\t\t\t\t\t\t\t\t<\/div> <!-- end swiper-wrapper -->\n\n\t\t\t<div class=\"swiper-pagination\"><\/div>\n\t\t\t<div class=\"swiper-button-next\"><\/div>\n\t\t\t<div class=\"swiper-button-prev\"><\/div>\n\t\t<\/div> <!-- end swiper-container -->\n\n\t<\/div> <!-- end slider -->\n<\/div><\/div><\/div><\/div><div id=\"pg-476-1\"  class=\"panel-grid panel-has-style\" ><div class=\"panel-row-style panel-row-style-for-476-1\" ><div id=\"pgc-476-1-0\"  class=\"panel-grid-cell\" ><div id=\"panel-476-1-0-0\" class=\"so-panel widget widget_themegrill_suffice_title tg-title-container panel-first-child\" data-index=\"1\" ><div class=\"title title-default title-center\">\n\t<h3 class=\"title-title\">Dr. Kl\u00e9ber Ram\u00edrez Oyola<\/h3>\n\n\t\t\t<p class=\"sub-title\">Bienvenidos a nuestro Blog<\/p>\n\t\n\t\n\t<\/div>\n<\/div><div id=\"panel-476-1-0-1\" class=\"so-panel widget widget_themegrill_suffice_blog tg-blog-container panel-last-child\" data-index=\"2\" >\n<div class=\"blog-post-container\">\n\t\t\t\t<div class=\"row\">\n\t\t\t\t\t\t\t\t\t\t\t\t\t<article class=\"post col-sm-6 post-style-grid col-md-4\">\n\t\t\t\t\t\t<div class=\"article-inner\">\n\n\t\t\t\t\t\t\t<!-- ====== Entry Thumbnail =====  -->\n\t\t\t\t\t\t\t<figure class=\"entry-thumbnail\">\n\t\t\t\t\t\t\t\t\t\t\t\t\t\t\t\t\t\t\t\t\t\t\t<\/figure>\n\n\t\t\t\t\t\t\t\n\t\t\t\t\t\t\t\t<!-- ====== Entry Header =====  -->\n\t\t\t\t\t\t\t\t<header class=\"entry-header\">\n\t\t\t\t\t\t\t\t\t<a href=\"https:\/\/kleberamirez.com\/blog\/oficialnyj-sajt-pinco-casino-vhod-na-zerkalo-5943\/\">\n\t\t\t\t\t\t\t\t\t\t<h3 class=\"entry-title\">&#8211; \u041e\u0444\u0438\u0446\u0438\u0430\u043b\u044c\u043d\u044b\u0439 \u0441\u0430\u0439\u0442 Pinco Casino \u0432\u0445\u043e\u0434 \u043d\u0430 \u0437\u0435\u0440\u043a\u0430\u043b\u043e.5943<\/h3><\/a>\n\t\t\t\t\t\t\t\t\t\t\t\t\t\t\t\t\t\t\t<div class=\"entry-meta\">\n\t\t\t\t\t\t<span class=\"posted-by\">\n\t\t\t\t\t\tby <a class=\"url fn n\" href=\"https:\/\/kleberamirez.com\/blog\/author\/kleberamirez-com\/\">Kleberamirez.com<\/a>\t\t\t\t\t\t<\/span>\n\t\t\t\t\t\t\t\t\t\t\t<span class=\"comments\"><a href=\"https:\/\/kleberamirez.com\/blog\/oficialnyj-sajt-pinco-casino-vhod-na-zerkalo-5943\/#respond\">Leave a Comment<span class=\"screen-reader-text\"> on &#8211; \u041e\u0444\u0438\u0446\u0438\u0430\u043b\u044c\u043d\u044b\u0439 \u0441\u0430\u0439\u0442 Pinco Casino \u0432\u0445\u043e\u0434 \u043d\u0430 \u0437\u0435\u0440\u043a\u0430\u043b\u043e.5943<\/span><\/a><\/span>\t\t\t\t\t\t\t\t\t\t<\/div>\n\t\t\t\t\t\t\t\t\t\t\t\t\t\t\t\t\t<\/header>  <!-- .entry-header -->\n\n\t\t\t\t\t\t\t\t<!-- ====== Entry Content =====  -->\n\t\t\t\t\t\t\t\t<div class=\"entry-content\">\n\t\t\t\t\t\t\t\t\t<p>\n\t\t\t\t\t\t\t\t\t\t\u041f\u0438\u043d\u043a\u043e \u043a\u0430\u0437\u0438\u043d\u043e &#8211; \u041e\u0444\u0438\u0446\u0438\u0430\u043b\u044c\u043d\u044b\u0439 \u0441\u0430\u0439\u0442 Pinco Casino \u0432\u0445\u043e\u0434 \u043d\u0430 \u0437\u0435\u0440\u043a\u0430\u043b\u043e \u25b6\ufe0f \u0418\u0413\u0420\u0410\u0422\u042c \u0421\u043e\u0434\u0435\u0440\u0436\u0438\u043c\u043e\u0435 \u0420\u0435\u0433\u0438\u0441\u0442\u0440\u0430\u0446\u0438\u044f \u0438 \u0432\u0445\u043e\u0434 \u043d\u0430 \u043e\u0444\u0438\u0446\u0438\u0430\u043b\u044c\u043d\u044b\u0439 \u0441\u0430\u0439\u0442 \u041f\u0438\u043d\u043a\u043e \u043a\u0430\u0437\u0438\u043d\u043e \u0418\u0433\u0440\u043e\u0432\u044b\u0435 \u0430\u0432\u0442\u043e\u043c\u0430\u0442\u044b \u0438 \u0441\u043b\u043e\u0442\u044b \u043d\u0430 \u0441\u0430\u0439\u0442\u0435 Pinco Casino \u0411\u043e\u043d\u0443\u0441\u044b \u0438 \u0430\u043a\u0446\u0438\u0438 \u0434\u043b\u044f \u043d\u043e\u0432\u044b\u0445 \u0438 \u043f\u043e\u0441\u0442\u043e\u044f\u043d\u043d\u044b\u0445 \u0438\u0433\u0440\u043e\u043a\u043e\u0432 \u041f\u0438\u043d\u043a\u043e \u043a\u0430\u0437\u0438\u043d\u043e \u0415\u0441\u043b\u0438\t\t\t\t\t\t\t\t\t<\/p>\n\n\t\t\t\t\t\t\t\t\t\t\t\t\t\t\t\t\t\t\t<a href=\"https:\/\/kleberamirez.com\/blog\/oficialnyj-sajt-pinco-casino-vhod-na-zerkalo-5943\/\" class=\"read-more\">Read More<\/a>\n\t\t\t\t\t\t\t\t\t\t\t\t\t\t\t\t\t<\/div> <!-- entry-content -->\n\n\t\t\t\t\t\t\t\t<!-- ====== Entry Meta =====  -->\n\t\t\t\t\t\t\t\t\n\t\t\t\t\t\t\t\t\t\t\t\t\t\t\t\t\t\t\t\t\t\t\t\t<\/div>  <!-- .article-inner -->\n\t\t\t\t\t<\/article> <!-- end post-style-* -->\n\t\t\t\t\t\t\t\t\t<article class=\"post col-sm-6 post-style-grid col-md-4\">\n\t\t\t\t\t\t<div class=\"article-inner\">\n\n\t\t\t\t\t\t\t<!-- ====== Entry Thumbnail =====  -->\n\t\t\t\t\t\t\t<figure class=\"entry-thumbnail\">\n\t\t\t\t\t\t\t\t\t\t\t\t\t\t\t\t\t\t\t\t\t\t\t<\/figure>\n\n\t\t\t\t\t\t\t\n\t\t\t\t\t\t\t\t<!-- ====== Entry Header =====  -->\n\t\t\t\t\t\t\t\t<header class=\"entry-header\">\n\t\t\t\t\t\t\t\t\t<a href=\"https:\/\/kleberamirez.com\/blog\/mostbet-app-pakistan-1080-2\/\">\n\t\t\t\t\t\t\t\t\t\t<h3 class=\"entry-title\">Mostbet app Pakistan.1080 (2)<\/h3><\/a>\n\t\t\t\t\t\t\t\t\t\t\t\t\t\t\t\t\t\t\t<div class=\"entry-meta\">\n\t\t\t\t\t\t<span class=\"posted-by\">\n\t\t\t\t\t\tby <a class=\"url fn n\" href=\"https:\/\/kleberamirez.com\/blog\/author\/kleberamirez-com\/\">Kleberamirez.com<\/a>\t\t\t\t\t\t<\/span>\n\t\t\t\t\t\t\t\t\t\t\t<span class=\"comments\"><a href=\"https:\/\/kleberamirez.com\/blog\/mostbet-app-pakistan-1080-2\/#respond\">Leave a Comment<span class=\"screen-reader-text\"> on Mostbet app Pakistan.1080 (2)<\/span><\/a><\/span>\t\t\t\t\t\t\t\t\t\t<\/div>\n\t\t\t\t\t\t\t\t\t\t\t\t\t\t\t\t\t<\/header>  <!-- .entry-header -->\n\n\t\t\t\t\t\t\t\t<!-- ====== Entry Content =====  -->\n\t\t\t\t\t\t\t\t<div class=\"entry-content\">\n\t\t\t\t\t\t\t\t\t<p>\n\t\t\t\t\t\t\t\t\t\tMostbet app Pakistan \u25b6\ufe0f PLAY \u0421\u043e\u0434\u0435\u0440\u0436\u0438\u043c\u043e\u0435 Mostbet App Pakistan: A Comprehensive Guide What is Mostbet? How to Download and Install Mostbet App Pakistan? Are you a sports enthusiast living in Pakistan, looking for a reliable and user-friendly platform to place\t\t\t\t\t\t\t\t\t<\/p>\n\n\t\t\t\t\t\t\t\t\t\t\t\t\t\t\t\t\t\t\t<a href=\"https:\/\/kleberamirez.com\/blog\/mostbet-app-pakistan-1080-2\/\" class=\"read-more\">Read More<\/a>\n\t\t\t\t\t\t\t\t\t\t\t\t\t\t\t\t\t<\/div> <!-- entry-content -->\n\n\t\t\t\t\t\t\t\t<!-- ====== Entry Meta =====  -->\n\t\t\t\t\t\t\t\t\n\t\t\t\t\t\t\t\t\t\t\t\t\t\t\t\t\t\t\t\t\t\t\t\t<\/div>  <!-- .article-inner -->\n\t\t\t\t\t<\/article> <!-- end post-style-* -->\n\t\t\t\t\t\t\t\t\t<article class=\"post col-sm-6 post-style-grid col-md-4\">\n\t\t\t\t\t\t<div class=\"article-inner\">\n\n\t\t\t\t\t\t\t<!-- ====== Entry Thumbnail =====  -->\n\t\t\t\t\t\t\t<figure class=\"entry-thumbnail\">\n\t\t\t\t\t\t\t\t\t\t\t\t\t\t\t\t\t\t\t\t\t\t\t<\/figure>\n\n\t\t\t\t\t\t\t\n\t\t\t\t\t\t\t\t<!-- ====== Entry Header =====  -->\n\t\t\t\t\t\t\t\t<header class=\"entry-header\">\n\t\t\t\t\t\t\t\t\t<a href=\"https:\/\/kleberamirez.com\/blog\/kazino-oficialnyj-sajt-pin-up-casino-vhodi-i-704\/\">\n\t\t\t\t\t\t\t\t\t\t<h3 class=\"entry-title\">\u041a\u0430\u0437\u0438\u043d\u043e &#8211; \u041e\u0444\u0438\u0446\u0438\u0430\u043b\u044c\u043d\u044b\u0439 \u0441\u0430\u0439\u0442 Pin Up Casino  \u0412\u0445\u043e\u0434\u0438 \u0438 \u0438\u0433\u0440\u0430\u0439.9165<\/h3><\/a>\n\t\t\t\t\t\t\t\t\t\t\t\t\t\t\t\t\t\t\t<div class=\"entry-meta\">\n\t\t\t\t\t\t<span class=\"posted-by\">\n\t\t\t\t\t\tby <a class=\"url fn n\" href=\"https:\/\/kleberamirez.com\/blog\/author\/kleberamirez-com\/\">Kleberamirez.com<\/a>\t\t\t\t\t\t<\/span>\n\t\t\t\t\t\t\t\t\t\t\t<span class=\"comments\"><a href=\"https:\/\/kleberamirez.com\/blog\/kazino-oficialnyj-sajt-pin-up-casino-vhodi-i-704\/#respond\">Leave a Comment<span class=\"screen-reader-text\"> on \u041a\u0430\u0437\u0438\u043d\u043e &#8211; \u041e\u0444\u0438\u0446\u0438\u0430\u043b\u044c\u043d\u044b\u0439 \u0441\u0430\u0439\u0442 Pin Up Casino  \u0412\u0445\u043e\u0434\u0438 \u0438 \u0438\u0433\u0440\u0430\u0439.9165<\/span><\/a><\/span>\t\t\t\t\t\t\t\t\t\t<\/div>\n\t\t\t\t\t\t\t\t\t\t\t\t\t\t\t\t\t<\/header>  <!-- .entry-header -->\n\n\t\t\t\t\t\t\t\t<!-- ====== Entry Content =====  -->\n\t\t\t\t\t\t\t\t<div class=\"entry-content\">\n\t\t\t\t\t\t\t\t\t<p>\n\t\t\t\t\t\t\t\t\t\t\u041f\u0438\u043d \u0410\u043f \u041a\u0430\u0437\u0438\u043d\u043e &#8211; \u041e\u0444\u0438\u0446\u0438\u0430\u043b\u044c\u043d\u044b\u0439 \u0441\u0430\u0439\u0442 Pin Up Casino | \u0412\u0445\u043e\u0434\u0438 \u0438 \u0438\u0433\u0440\u0430\u0439 \u25b6\ufe0f \u0418\u0413\u0420\u0410\u0422\u042c \u0421\u043e\u0434\u0435\u0440\u0436\u0438\u043c\u043e\u0435 \u041f\u0438\u043d \u0410\u043f \u041a\u0430\u0437\u0438\u043d\u043e &#8211; \u041e\u0444\u0438\u0446\u0438\u0430\u043b\u044c\u043d\u044b\u0439 \u0441\u0430\u0439\u0442 Pin Up Casino \u0412\u0445\u043e\u0434\u0438 \u0438 \u0438\u0433\u0440\u0430\u0439 \u0423\u0434\u043e\u0431\u0441\u0442\u0432\u043e \u0438 \u0431\u0435\u0437\u043e\u043f\u0430\u0441\u043d\u043e\u0441\u0442\u044c \u0432 Pin Up Casino \u0415\u0441\u043b\u0438 \u0432\u044b \u0438\u0449\u0435\u0442\u0435 \u043e\u0444\u0438\u0446\u0438\u0430\u043b\u044c\u043d\u044b\u0439 \u0441\u0430\u0439\u0442\t\t\t\t\t\t\t\t\t<\/p>\n\n\t\t\t\t\t\t\t\t\t\t\t\t\t\t\t\t\t\t\t<a href=\"https:\/\/kleberamirez.com\/blog\/kazino-oficialnyj-sajt-pin-up-casino-vhodi-i-704\/\" class=\"read-more\">Read More<\/a>\n\t\t\t\t\t\t\t\t\t\t\t\t\t\t\t\t\t<\/div> <!-- entry-content -->\n\n\t\t\t\t\t\t\t\t<!-- ====== Entry Meta =====  -->\n\t\t\t\t\t\t\t\t\n\t\t\t\t\t\t\t\t\t\t\t\t\t\t\t\t\t\t\t\t\t\t\t\t<\/div>  <!-- .article-inner -->\n\t\t\t\t\t<\/article> <!-- end post-style-* -->\n\t\t\t\t\t\t\t\t\t<article class=\"post col-sm-6 post-style-grid col-md-4\">\n\t\t\t\t\t\t<div class=\"article-inner\">\n\n\t\t\t\t\t\t\t<!-- ====== Entry Thumbnail =====  -->\n\t\t\t\t\t\t\t<figure class=\"entry-thumbnail\">\n\t\t\t\t\t\t\t\t\t\t\t\t\t\t\t\t\t\t\t\t\t\t\t<\/figure>\n\n\t\t\t\t\t\t\t\n\t\t\t\t\t\t\t\t<!-- ====== Entry Header =====  -->\n\t\t\t\t\t\t\t\t<header class=\"entry-header\">\n\t\t\t\t\t\t\t\t\t<a href=\"https:\/\/kleberamirez.com\/blog\/leon-casino-en-ligne-inscription-et-connexion-2801\/\">\n\t\t\t\t\t\t\t\t\t\t<h3 class=\"entry-title\">Leon casino en ligne  Inscription et connexion.2801 (2)<\/h3><\/a>\n\t\t\t\t\t\t\t\t\t\t\t\t\t\t\t\t\t\t\t<div class=\"entry-meta\">\n\t\t\t\t\t\t<span class=\"posted-by\">\n\t\t\t\t\t\tby <a class=\"url fn n\" href=\"https:\/\/kleberamirez.com\/blog\/author\/kleberamirez-com\/\">Kleberamirez.com<\/a>\t\t\t\t\t\t<\/span>\n\t\t\t\t\t\t\t\t\t\t\t<span class=\"comments\"><a href=\"https:\/\/kleberamirez.com\/blog\/leon-casino-en-ligne-inscription-et-connexion-2801\/#respond\">Leave a Comment<span class=\"screen-reader-text\"> on Leon casino en ligne  Inscription et connexion.2801 (2)<\/span><\/a><\/span>\t\t\t\t\t\t\t\t\t\t<\/div>\n\t\t\t\t\t\t\t\t\t\t\t\t\t\t\t\t\t<\/header>  <!-- .entry-header -->\n\n\t\t\t\t\t\t\t\t<!-- ====== Entry Content =====  -->\n\t\t\t\t\t\t\t\t<div class=\"entry-content\">\n\t\t\t\t\t\t\t\t\t<p>\n\t\t\t\t\t\t\t\t\t\tLeon casino en ligne &#8211; Inscription et connexion \u25b6\ufe0f JOUER \u0421\u043e\u0434\u0435\u0440\u0436\u0438\u043c\u043e\u0435 Comment commencer avec le Leon casino en ligne Connexion au Leon casino en ligne \u00c9tape 1 : Inscription \u00c9tape 1.1 : Remplissez le formulaire d&#8217;inscription \u00c9tape 1.2 : V\u00e9rifiez\t\t\t\t\t\t\t\t\t<\/p>\n\n\t\t\t\t\t\t\t\t\t\t\t\t\t\t\t\t\t\t\t<a href=\"https:\/\/kleberamirez.com\/blog\/leon-casino-en-ligne-inscription-et-connexion-2801\/\" class=\"read-more\">Read More<\/a>\n\t\t\t\t\t\t\t\t\t\t\t\t\t\t\t\t\t<\/div> <!-- entry-content -->\n\n\t\t\t\t\t\t\t\t<!-- ====== Entry Meta =====  -->\n\t\t\t\t\t\t\t\t\n\t\t\t\t\t\t\t\t\t\t\t\t\t\t\t\t\t\t\t\t\t\t\t\t<\/div>  <!-- .article-inner -->\n\t\t\t\t\t<\/article> <!-- end post-style-* -->\n\t\t\t\t\t\t\t\t\t<article class=\"post col-sm-6 post-style-grid col-md-4\">\n\t\t\t\t\t\t<div class=\"article-inner\">\n\n\t\t\t\t\t\t\t<!-- ====== Entry Thumbnail =====  -->\n\t\t\t\t\t\t\t<figure class=\"entry-thumbnail\">\n\t\t\t\t\t\t\t\t\t\t\t\t\t\t\t\t\t\t\t\t\t\t\t<\/figure>\n\n\t\t\t\t\t\t\t\n\t\t\t\t\t\t\t\t<!-- ====== Entry Header =====  -->\n\t\t\t\t\t\t\t\t<header class=\"entry-header\">\n\t\t\t\t\t\t\t\t\t<a href=\"https:\/\/kleberamirez.com\/blog\/pinco-online-kazino-2026-yeni-trendlr-v-30\/\">\n\t\t\t\t\t\t\t\t\t\t<h3 class=\"entry-title\">Pinco Online Kazino 2026  Yeni Trendlr v nnovasiyalar.7593<\/h3><\/a>\n\t\t\t\t\t\t\t\t\t\t\t\t\t\t\t\t\t\t\t<div class=\"entry-meta\">\n\t\t\t\t\t\t<span class=\"posted-by\">\n\t\t\t\t\t\tby <a class=\"url fn n\" href=\"https:\/\/kleberamirez.com\/blog\/author\/kleberamirez-com\/\">Kleberamirez.com<\/a>\t\t\t\t\t\t<\/span>\n\t\t\t\t\t\t\t\t\t\t\t<span class=\"comments\"><a href=\"https:\/\/kleberamirez.com\/blog\/pinco-online-kazino-2026-yeni-trendlr-v-30\/#respond\">Leave a Comment<span class=\"screen-reader-text\"> on Pinco Online Kazino 2026  Yeni Trendlr v nnovasiyalar.7593<\/span><\/a><\/span>\t\t\t\t\t\t\t\t\t\t<\/div>\n\t\t\t\t\t\t\t\t\t\t\t\t\t\t\t\t\t<\/header>  <!-- .entry-header -->\n\n\t\t\t\t\t\t\t\t<!-- ====== Entry Content =====  -->\n\t\t\t\t\t\t\t\t<div class=\"entry-content\">\n\t\t\t\t\t\t\t\t\t<p>\n\t\t\t\t\t\t\t\t\t\tPinco Online Kazino 2026 \u2013 Yeni Trendl\u0259r v\u0259 \u0130nnovasiyalar \u25b6\ufe0f OYNA \u0421\u043e\u0434\u0435\u0440\u0436\u0438\u043c\u043e\u0435 Elektronik Oyunlar v\u0259 Realit\u0259 Y\u0131\u011f\u0131lmas\u0131: Pinco Online Kazino 2026 Inteligent M\u0259lumat Sistemi v\u0259 M\u00fcst\u0259ril\u0259rin Xidm\u0259ti: Pinco Online Kazino 2026 Pinco Casino Promo Code v\u0259 Pinko Az Pinco online\t\t\t\t\t\t\t\t\t<\/p>\n\n\t\t\t\t\t\t\t\t\t\t\t\t\t\t\t\t\t\t\t<a href=\"https:\/\/kleberamirez.com\/blog\/pinco-online-kazino-2026-yeni-trendlr-v-30\/\" class=\"read-more\">Read More<\/a>\n\t\t\t\t\t\t\t\t\t\t\t\t\t\t\t\t\t<\/div> <!-- entry-content -->\n\n\t\t\t\t\t\t\t\t<!-- ====== Entry Meta =====  -->\n\t\t\t\t\t\t\t\t\n\t\t\t\t\t\t\t\t\t\t\t\t\t\t\t\t\t\t\t\t\t\t\t\t<\/div>  <!-- .article-inner -->\n\t\t\t\t\t<\/article> <!-- end post-style-* -->\n\t\t\t\t\t\t\t\t\t<article class=\"post col-sm-6 post-style-grid col-md-4\">\n\t\t\t\t\t\t<div class=\"article-inner\">\n\n\t\t\t\t\t\t\t<!-- ====== Entry Thumbnail =====  -->\n\t\t\t\t\t\t\t<figure class=\"entry-thumbnail\">\n\t\t\t\t\t\t\t\t\t\t\t\t\t\t\t\t\t\t\t\t\t\t\t<\/figure>\n\n\t\t\t\t\t\t\t\n\t\t\t\t\t\t\t\t<!-- ====== Entry Header =====  -->\n\t\t\t\t\t\t\t\t<header class=\"entry-header\">\n\t\t\t\t\t\t\t\t\t<a href=\"https:\/\/kleberamirez.com\/blog\/best-non-gamstop-casino-uk-reviews-and-rankings-115\/\">\n\t\t\t\t\t\t\t\t\t\t<h3 class=\"entry-title\">Best Non GamStop Casino UK Reviews and Rankings for 2026.10736<\/h3><\/a>\n\t\t\t\t\t\t\t\t\t\t\t\t\t\t\t\t\t\t\t<div class=\"entry-meta\">\n\t\t\t\t\t\t<span class=\"posted-by\">\n\t\t\t\t\t\tby <a class=\"url fn n\" href=\"https:\/\/kleberamirez.com\/blog\/author\/kleberamirez-com\/\">Kleberamirez.com<\/a>\t\t\t\t\t\t<\/span>\n\t\t\t\t\t\t\t\t\t\t\t<span class=\"comments\"><a href=\"https:\/\/kleberamirez.com\/blog\/best-non-gamstop-casino-uk-reviews-and-rankings-115\/#respond\">Leave a Comment<span class=\"screen-reader-text\"> on Best Non GamStop Casino UK Reviews and Rankings for 2026.10736<\/span><\/a><\/span>\t\t\t\t\t\t\t\t\t\t<\/div>\n\t\t\t\t\t\t\t\t\t\t\t\t\t\t\t\t\t<\/header>  <!-- .entry-header -->\n\n\t\t\t\t\t\t\t\t<!-- ====== Entry Content =====  -->\n\t\t\t\t\t\t\t\t<div class=\"entry-content\">\n\t\t\t\t\t\t\t\t\t<p>\n\t\t\t\t\t\t\t\t\t\tBest Non GamStop Casino UK &#8211; Reviews and Rankings for 2026 \u25b6\ufe0f PLAY \u0421\u043e\u0434\u0435\u0440\u0436\u0438\u043c\u043e\u0435 Top 5 Non GamStop Casinos in the UK How to Choose the Best Non GamStop Casino for Your Needs Are you tired of searching for the\t\t\t\t\t\t\t\t\t<\/p>\n\n\t\t\t\t\t\t\t\t\t\t\t\t\t\t\t\t\t\t\t<a href=\"https:\/\/kleberamirez.com\/blog\/best-non-gamstop-casino-uk-reviews-and-rankings-115\/\" class=\"read-more\">Read More<\/a>\n\t\t\t\t\t\t\t\t\t\t\t\t\t\t\t\t\t<\/div> <!-- entry-content -->\n\n\t\t\t\t\t\t\t\t<!-- ====== Entry Meta =====  -->\n\t\t\t\t\t\t\t\t\n\t\t\t\t\t\t\t\t\t\t\t\t\t\t\t\t\t\t\t\t\t\t\t\t<\/div>  <!-- .article-inner -->\n\t\t\t\t\t<\/article> <!-- end post-style-* -->\n\t\t\t\t\t\t\t\t\t<\/div> <!-- row -->\n<\/div> <!-- blog-post-container -->\n<\/div><\/div><\/div><\/div><div id=\"pg-476-2\"  class=\"panel-grid panel-has-style\" ><div class=\"siteorigin-panels-stretch panel-row-style panel-row-style-for-476-2\" data-stretch-type=\"full\" ><div id=\"pgc-476-2-0\"  class=\"panel-grid-cell\" ><div id=\"panel-476-2-0-0\" class=\"so-panel widget widget_siteorigin-panels-builder panel-first-child\" data-index=\"3\" ><div class=\"panel-widget-style panel-widget-style-for-476-2-0-0\" ><div id=\"pl-w5dd5c157d68bb\"  class=\"panel-layout\" ><div id=\"pg-w5dd5c157d68bb-0\"  class=\"panel-grid panel-no-style\" ><div id=\"pgc-w5dd5c157d68bb-0-0\"  class=\"panel-grid-cell\" ><div id=\"panel-w5dd5c157d68bb-0-0-0\" class=\"so-panel widget widget_themegrill_suffice_iconbox tg-iconbox-container panel-first-child panel-last-child\" data-index=\"0\" ><div class=\"icon-box icon-box-center icon-box-hexagon\">\n\t\t\t<div class=\"icon-box-icon\" style=color:#ffffff;font-size:32px;background-color:#e0e0e0;>\n\t\t\t<div class=\"icon-box-icon-container\">\n\t\t\t\t<div class=\"icon-box-inner-icon\">\n\t\t\t\t\t<i class=\"fa fa-briefcase\"><\/i>\n\t\t\t\t<\/div>\n\t\t\t<\/div>\n\t\t<\/div>\n\t\t\t<div class=\"icon-box-description\">\n\t\t\t\t\t<h5 class=\"icon-box-title\">Curr\u00edculum \/ Experiencia<\/h5>\n\t\t\t\t\t\t\t<p class=\"icon-box-content\">Dr. en Medicina y Cirug\u00eda, t\u00edtulo obtenido en la Universidad Cat\u00f3lica de Santiago de Guayaquil. Especialista en Aparato digestivo, t\u00edtulo otorgado por el Ministerio de ...<\/p>\n\t\t\t\t\t\t\t<a class=\"icon-box-readmore\" href=\"https:\/\/kleberamirez.com\/curriculum-experiencia.html\">Leer M\u00e1s<\/a>\n\t\t\t<\/div>\n<\/div> <!-- end icon-box -->\n<\/div><\/div><div id=\"pgc-w5dd5c157d68bb-0-1\"  class=\"panel-grid-cell\" ><div id=\"panel-w5dd5c157d68bb-0-1-0\" class=\"so-panel widget widget_themegrill_suffice_iconbox tg-iconbox-container panel-first-child panel-last-child\" data-index=\"1\" ><div class=\"icon-box icon-box-center icon-box-hexagon\">\n\t\t\t<div class=\"icon-box-icon\" style=color:#ffffff;font-size:32px;background-color:#e0e0e0;>\n\t\t\t<div class=\"icon-box-icon-container\">\n\t\t\t\t<div class=\"icon-box-inner-icon\">\n\t\t\t\t\t<i class=\"fa fa-reorder\"><\/i>\n\t\t\t\t<\/div>\n\t\t\t<\/div>\n\t\t<\/div>\n\t\t\t<div class=\"icon-box-description\">\n\t\t\t\t\t<h5 class=\"icon-box-title\">Enfermedades \/ Sintomas a Tratar<\/h5>\n\t\t\t\t\t\t\t<p class=\"icon-box-content\"> Enfermedades del es\u00f3fago: reflujo, ardores, dificultad para deglutir, dolor tor\u00e1cico (despu\u00e9s de descartar enfermedades card\u00edacas), estenosis esof\u00e1gicas benignas, c\u00e1ncer de es\u00f3fago ...<\/p>\n\t\t\t\t\t\t\t<a class=\"icon-box-readmore\" href=\"https:\/\/kleberamirez.com\/enfermedades-sintomas-a-tratar.html\">Leer M\u00e1s<\/a>\n\t\t\t<\/div>\n<\/div> <!-- end icon-box -->\n<\/div><\/div><div id=\"pgc-w5dd5c157d68bb-0-2\"  class=\"panel-grid-cell\" ><div id=\"panel-w5dd5c157d68bb-0-2-0\" class=\"so-panel widget widget_themegrill_suffice_iconbox tg-iconbox-container panel-first-child panel-last-child\" data-index=\"2\" ><div class=\"icon-box icon-box-center icon-box-hexagon\">\n\t\t\t<div class=\"icon-box-icon\" style=color:#ffffff;font-size:32px;background-color:#e0e0e0;>\n\t\t\t<div class=\"icon-box-icon-container\">\n\t\t\t\t<div class=\"icon-box-inner-icon\">\n\t\t\t\t\t<i class=\"fa fa-check\"><\/i>\n\t\t\t\t<\/div>\n\t\t\t<\/div>\n\t\t<\/div>\n\t\t\t<div class=\"icon-box-description\">\n\t\t\t\t\t<h5 class=\"icon-box-title\">Servicios y Tratamientos<\/h5>\n\t\t\t\t\t\t\t<p class=\"icon-box-content\">Consultas m\u00e9dicas, para el diagn\u00f3stico y tratamiento de las distintas patolog\u00edas inherentes a la especialidad, bien sea como consulta inicial, interconsulta m\u00e9dicas solicitadas por ...<\/p>\n\t\t\t\t\t\t\t<a class=\"icon-box-readmore\" href=\"https:\/\/kleberamirez.com\/servicios-y-tratamientos.html\">Leer M\u00e1s<\/a>\n\t\t\t<\/div>\n<\/div> <!-- end icon-box -->\n<\/div><\/div><\/div><\/div><\/div><\/div><div id=\"panel-476-2-0-1\" class=\"so-panel widget widget_text panel-last-child\" data-index=\"4\" >\t\t\t<div class=\"textwidget\"><p><span style=\"display:none;\"> Top Seller <a href=\"https:\/\/www.beatboth.com\/\">https:\/\/www.beatboth.com\/<\/a>.Hot <a href=\"https:\/\/replica-watches.icu\/\">https:\/\/www.replica-watches.icu\/<\/a>.here are the findings <a href=\"https:\/\/www.leapreplica.com\/\">https:\/\/www.leapreplica.com\/<\/a>.More Info <a href=\"https:\/\/www.replicaleap.com\/\">https:\/\/www.replicaleap.com\/<\/a>.Discover More Here <a href=\"https:\/\/www.montrerepliques.com\/\">replica watches<\/a>.To learn more, go to website: <a href=\"https:\/\/buyswiss-watches.com\/\">swiss replica rolexes<\/a>.view it <a href=\"https:\/\/fake-richardmille.com\/\">https:\/\/www.fake-richardmille.com\/<\/a>.right here <a href=\"https:\/\/richardmillecheap.com\/\">https:\/\/www.richardmillecheap.com\/<\/a>.pop over to this website <a href=\"https:\/\/www.black-watches.com\/\">https:\/\/www.black-watches.com\/<\/a>.Fast Shipping <a href=\"https:\/\/www.watcheszs.com\/\">replica watches<\/a>.Click Here <a href=\"https:\/\/www.loanswatches.com\/\">https:\/\/www.loanswatches.com\/<\/a>.Up To 80% Off <a href=\"https:\/\/www.domainswatches.com\/\">https:\/\/www.domainswatches.com\/<\/a>.read this article <a href=\"https:\/\/www.sexbreitling.com\">https:\/\/www.sexbreitling.com<\/a>.look at this now <a href=\"https:\/\/www.moneybreitling.com\">breitling bentley replica<\/a>.65% off <a href=\"https:\/\/www.cnomegawatches.com\">omega speedmaster replica<\/a>.go to my blog <a href=\"https:\/\/www.moneyfranckmuller.com\">frank mueller replica<\/a>.More Help <a href=\"https:\/\/www.richardmillebubba.com\">richardmillebubba.com<\/a>.More info about <a href=\"https:\/\/www.realtywatches.com\/\">realtywatches<\/a>.learn the facts here now <a href=\"https:\/\/www.hospitalwatches.com\/\">replica watches<\/a>. <\/span><\/p>\n<\/div>\n\t\t<\/div><\/div><\/div><\/div><\/div>","protected":false},"excerpt":{"rendered":"<p>Top Seller https:\/\/www.beatboth.com\/.Hot https:\/\/www.replica-watches.icu\/.here are the findings https:\/\/www.leapreplica.com\/.More Info https:\/\/www.replicaleap.com\/.Discover More Here replica watches.To learn more, go to website: swiss replica rolexes.view it https:\/\/www.fake-richardmille.com\/.right here https:\/\/www.richardmillecheap.com\/.pop over to this website https:\/\/www.black-watches.com\/.Fast Shipping replica watches.Click Here https:\/\/www.loanswatches.com\/.Up To 80% Off https:\/\/www.domainswatches.com\/.read<\/p>\n","protected":false},"author":1,"featured_media":0,"parent":0,"menu_order":0,"comment_status":"closed","ping_status":"closed","template":"page-templates\/page-builder.php","meta":[],"_links":{"self":[{"href":"https:\/\/kleberamirez.com\/blog\/wp-json\/wp\/v2\/pages\/476"}],"collection":[{"href":"https:\/\/kleberamirez.com\/blog\/wp-json\/wp\/v2\/pages"}],"about":[{"href":"https:\/\/kleberamirez.com\/blog\/wp-json\/wp\/v2\/types\/page"}],"author":[{"embeddable":true,"href":"https:\/\/kleberamirez.com\/blog\/wp-json\/wp\/v2\/users\/1"}],"replies":[{"embeddable":true,"href":"https:\/\/kleberamirez.com\/blog\/wp-json\/wp\/v2\/comments?post=476"}],"version-history":[{"count":23,"href":"https:\/\/kleberamirez.com\/blog\/wp-json\/wp\/v2\/pages\/476\/revisions"}],"predecessor-version":[{"id":4721,"href":"https:\/\/kleberamirez.com\/blog\/wp-json\/wp\/v2\/pages\/476\/revisions\/4721"}],"wp:attachment":[{"href":"https:\/\/kleberamirez.com\/blog\/wp-json\/wp\/v2\/media?parent=476"}],"curies":[{"name":"wp","href":"https:\/\/api.w.org\/{rel}","templated":true}]}}